{"id":476,"date":"2017-08-01T00:40:09","date_gmt":"2017-07-31T23:40:09","guid":{"rendered":"https:\/\/boscoville.uqam.ca\/?page_id=476"},"modified":"2017-08-13T22:07:15","modified_gmt":"2017-08-13T21:07:15","slug":"quest-ce-qui-les-amene-a-boscoville-videos","status":"publish","type":"page","link":"https:\/\/boscoville.uqam.ca\/index.php\/sujet2\/quest-ce-qui-les-amene-a-boscoville-videos\/","title":{"rendered":"Qu\u2019est-ce qui les am\u00e8ne \u00e0 Boscoville? &#8211; vid\u00e9os"},"content":{"rendered":"<p>[vc_row][vc_column][vc_empty_space height=\u00a0\u00bb50px\u00a0\u00bb][\/vc_column][\/vc_row][vc_row css=\u00a0\u00bb.vc_custom_1497976147787{margin-right: 150px !important;margin-left: -100px !important;}\u00a0\u00bb][vc_column width=\u00a0\u00bb1\/3&Prime; css=\u00a0\u00bb.vc_custom_1501442802976{margin-left: 30px !important;}\u00a0\u00bb]<a class=\"venobox  animated\" data-type=\"youtube\" href=\"https:\/\/youtu.be\/r4GKIxBUJ_0\" data-fx=\"fadeInLeft\"><img decoding=\"async\" src=\"https:\/\/boscoville.uqam.ca\/wp-content\/uploads\/2017\/08\/pierremclean.jpg\" alt=\"youtube\"\/><\/a>[\/vc_column][vc_column width=\u00a0\u00bb1\/3&Prime;][\/vc_column][vc_column width=\u00a0\u00bb1\/3&Prime;]<a class=\"venobox  animated\" data-type=\"youtube\" href=\"https:\/\/youtu.be\/MbA52wsJWVQ\" data-fx=\"fadeInLeft\"><img decoding=\"async\" src=\"https:\/\/boscoville.uqam.ca\/wp-content\/uploads\/2017\/07\/richardracicot.jpg\" alt=\"youtube\"\/><\/a>[\/vc_column][\/vc_row][vc_row][vc_column][vc_empty_space height=\u00a0\u00bb50px\u00a0\u00bb][\/vc_column][\/vc_row][vc_row css=\u00a0\u00bb.vc_custom_1497976147787{margin-right: 150px !important;margin-left: -100px !important;}\u00a0\u00bb][vc_column width=\u00a0\u00bb1\/3&Prime; css=\u00a0\u00bb.vc_custom_1501442802976{margin-left: 30px !important;}\u00a0\u00bb]<a class=\"venobox  animated\" data-type=\"youtube\" href=\"https:\/\/youtu.be\/U2yx0o3O63k\" data-fx=\"fadeInLeft\"><img decoding=\"async\" src=\"https:\/\/boscoville.uqam.ca\/wp-content\/uploads\/2017\/08\/fernandgagnon.jpg\" alt=\"youtube\"\/><\/a>[\/vc_column][vc_column width=\u00a0\u00bb1\/3&Prime;][\/vc_column][vc_column width=\u00a0\u00bb1\/3&Prime;][\/vc_column][\/vc_row][vc_row][vc_column][vc_empty_space height=\u00a0\u00bb50px\u00a0\u00bb][\/vc_column][\/vc_row]<\/p>\n","protected":false},"excerpt":{"rendered":"<p>[vc_row][vc_column][vc_empty_space height=\u00a0\u00bb50px\u00a0\u00bb][\/vc_column][\/vc_row][vc_row css=\u00a0\u00bb.vc_custom_1497976147787{margin-right: 150px !important;margin-left: -100px !important;}\u00a0\u00bb][vc_column width=\u00a0\u00bb1\/3&Prime; css=\u00a0\u00bb.vc_custom_1501442802976{margin-left: 30px !important;}\u00a0\u00bb][\/vc_column][vc_column width=\u00a0\u00bb1\/3&Prime;][\/vc_column][vc_column width=\u00a0\u00bb1\/3&Prime;][\/vc_column][\/vc_row][vc_row][vc_column][vc_empty_space height=\u00a0\u00bb50px\u00a0\u00bb][\/vc_column][\/vc_row][vc_row css=\u00a0\u00bb.vc_custom_1497976147787{margin-right: 150px !important;margin-left: -100px !important;}\u00a0\u00bb][vc_column width=\u00a0\u00bb1\/3&Prime; css=\u00a0\u00bb.vc_custom_1501442802976{margin-left: 30px !important;}\u00a0\u00bb][\/vc_column][vc_column width=\u00a0\u00bb1\/3&Prime;][\/vc_column][vc_column width=\u00a0\u00bb1\/3&Prime;][\/vc_column][\/vc_row][vc_row][vc_column][vc_empty_space height=\u00a0\u00bb50px\u00a0\u00bb][\/vc_column][\/vc_row]<\/p>\n","protected":false},"author":5,"featured_media":0,"parent":438,"menu_order":12,"comment_status":"closed","ping_status":"closed","template":"parallax-bg-page.php","meta":{"footnotes":""},"class_list":["post-476","page","type-page","status-publish","hentry"],"_links":{"self":[{"href":"https:\/\/boscoville.uqam.ca\/index.php\/wp-json\/wp\/v2\/pages\/476","targetHints":{"allow":["GET"]}}],"collection":[{"href":"https:\/\/boscoville.uqam.ca\/index.php\/wp-json\/wp\/v2\/pages"}],"about":[{"href":"https:\/\/boscoville.uqam.ca\/index.php\/wp-json\/wp\/v2\/types\/page"}],"author":[{"embeddable":true,"href":"https:\/\/boscoville.uqam.ca\/index.php\/wp-json\/wp\/v2\/users\/5"}],"replies":[{"embeddable":true,"href":"https:\/\/boscoville.uqam.ca\/index.php\/wp-json\/wp\/v2\/comments?post=476"}],"version-history":[{"count":3,"href":"https:\/\/boscoville.uqam.ca\/index.php\/wp-json\/wp\/v2\/pages\/476\/revisions"}],"predecessor-version":[{"id":632,"href":"https:\/\/boscoville.uqam.ca\/index.php\/wp-json\/wp\/v2\/pages\/476\/revisions\/632"}],"up":[{"embeddable":true,"href":"https:\/\/boscoville.uqam.ca\/index.php\/wp-json\/wp\/v2\/pages\/438"}],"wp:attachment":[{"href":"https:\/\/boscoville.uqam.ca\/index.php\/wp-json\/wp\/v2\/media?parent=476"}],"curies":[{"name":"wp","href":"https:\/\/api.w.org\/{rel}","templated":true}]}}