{"id":486,"date":"2017-08-01T01:11:48","date_gmt":"2017-08-01T00:11:48","guid":{"rendered":"https:\/\/boscoville.uqam.ca\/?page_id=486"},"modified":"2017-08-23T16:46:31","modified_gmt":"2017-08-23T15:46:31","slug":"le-sport","status":"publish","type":"page","link":"https:\/\/boscoville.uqam.ca\/index.php\/sujet3\/le-sport\/","title":{"rendered":"Le sport"},"content":{"rendered":"<p>[vc_row][vc_column][vc_empty_space height=\u00a0\u00bb100px\u00a0\u00bb][\/vc_column][\/vc_row][vc_row][vc_column el_class=\u00a0\u00bbalign-center\u00a0\u00bb]<div class=\"trinity-box box-white  animated\" data-fx=\"fadeInUpBig\">\n                  <span><span class=\"\">Le sport<\/span><\/span>\n                <\/div>[\/vc_column][\/vc_row][vc_row][vc_column]<div class=\"text-center  liner- liner-\" ><span class=\"dark-bg\"><\/span><\/div>[\/vc_column][\/vc_row][vc_row][vc_column][vc_empty_space height=\u00a0\u00bb100px\u00a0\u00bb][\/vc_column][\/vc_row][vc_row][vc_column][\/vc_column][\/vc_row][vc_row gap=\u00a0\u00bb20&Prime; content_placement=\u00a0\u00bbtop\u00a0\u00bb css=\u00a0\u00bb.vc_custom_1502655300608{margin-right: 50px !important;margin-left: 50px !important;}\u00a0\u00bb][vc_column width=\u00a0\u00bb2\/3&Prime;][vc_single_image image=\u00a0\u00bb492&Prime; img_size=\u00a0\u00bblarge\u00a0\u00bb add_caption=\u00a0\u00bbyes\u00a0\u00bb alignment=\u00a0\u00bbcenter\u00a0\u00bb style=\u00a0\u00bbvc_box_rounded\u00a0\u00bb css_animation=\u00a0\u00bbleft-to-right\u00a0\u00bb][\/vc_column][vc_column width=\u00a0\u00bb1\/3&Prime;][vc_column_text css=\u00a0\u00bb.vc_custom_1503427295359{margin-left: -50px !important;}\u00a0\u00bb]<big><span style=\"color: #ffffff;\">Lorsqu\u2019ils \u00e9voquent la m\u00e9moire de Boscoville, plusieurs anciens mentionnent spontan\u00e9ment le sport. C\u2019est leur souvenir le plus fort du s\u00e9jour ! Le programme d\u2019activit\u00e9 physique \u00e9tait, en effet, exceptionnel\u00a0: football, athl\u00e9tisme, basketball, natation, etc. L\u2019\u00e9quipement, aux dires de plusieurs, \u00e9tait de premi\u00e8re qualit\u00e9. Cette programmation compl\u00e8te s\u2019arrimait aux objectifs cliniques. Qu\u2019on ne s\u2019y trompe pas : l\u2019important n\u2019\u00e9tait pas de gagner les comp\u00e9titions, du moins pas toujours\u00a0! Les gars \u00e9taient surtout invit\u00e9s \u00e0 se concentrer sur l\u2019atteinte d\u2019objectifs individuels, d\u00e9finis avec l\u2019\u00e9quipe d\u2019\u00e9ducateurs. Ceux-ci avaient une grande foi dans le potentiel th\u00e9rapeutique du sport. Plusieurs poss\u00e9daient une formation solide en la mati\u00e8re.<br \/>\n<\/span><\/big><\/p>\n<p>&nbsp;<\/p>\n<p><big><span style=\"color: #ffffff;\">Plusieurs anciens ont \u00e9voqu\u00e9 les activit\u00e9s sportives en pr\u00e9cisant qu\u2019elles ont jou\u00e9 un r\u00f4le d\u00e9terminant dans leur cheminement. Le souvenir d\u2019une grande solidarit\u00e9 entre gars est \u00e9voqu\u00e9. On mentionne aussi le r\u00f4le d\u2019exutoire jou\u00e9 par le sport pour la ma\u00eetrise des pulsions agressives. La d\u00e9couverte de son potentiel en termes d\u2019endurance et de contr\u00f4le de soi est aussi au nombre des atouts soulign\u00e9s. Lors de nos entrevues, des anciens sont arriv\u00e9s avec des m\u00e9dailles ou des photos les pr\u00e9sentant fi\u00e8rement sur la marche d\u2019un podium. Ces petites victoires d\u2019adolescents sont inscrites comme des moments forts de leur parcours personnel.<br \/>\n<\/span><\/big>[\/vc_column_text][\/vc_column][\/vc_row][vc_row][vc_column][vc_empty_space height=\u00a0\u00bb100px\u00a0\u00bb][\/vc_column][\/vc_row]<\/p>\n","protected":false},"excerpt":{"rendered":"<p>[vc_row][vc_column][vc_empty_space height=\u00a0\u00bb100px\u00a0\u00bb][\/vc_column][\/vc_row][vc_row][vc_column el_class=\u00a0\u00bbalign-center\u00a0\u00bb][\/vc_column][\/vc_row][vc_row][vc_column][\/vc_column][\/vc_row][vc_row][vc_column][vc_empty_space height=\u00a0\u00bb100px\u00a0\u00bb][\/vc_column][\/vc_row][vc_row][vc_column][\/vc_column][\/vc_row][vc_row gap=\u00a0\u00bb20&Prime; content_placement=\u00a0\u00bbtop\u00a0\u00bb css=\u00a0\u00bb.vc_custom_1502655300608{margin-right: 50px !important;margin-left: 50px !important;}\u00a0\u00bb][vc_column width=\u00a0\u00bb2\/3&Prime;][vc_single_image image=\u00a0\u00bb492&Prime; img_size=\u00a0\u00bblarge\u00a0\u00bb add_caption=\u00a0\u00bbyes\u00a0\u00bb alignment=\u00a0\u00bbcenter\u00a0\u00bb style=\u00a0\u00bbvc_box_rounded\u00a0\u00bb css_animation=\u00a0\u00bbleft-to-right\u00a0\u00bb][\/vc_column][vc_column width=\u00a0\u00bb1\/3&Prime;][vc_column_text css=\u00a0\u00bb.vc_custom_1503427295359{margin-left: -50px !important;}\u00a0\u00bb]Lorsqu\u2019ils \u00e9voquent la m\u00e9moire de Boscoville, plusieurs anciens mentionnent spontan\u00e9ment le sport. C\u2019est leur souvenir le plus fort du s\u00e9jour ! Le programme d\u2019activit\u00e9 physique \u00e9tait, en effet, exceptionnel\u00a0: football, athl\u00e9tisme, basketball, natation, etc. [&hellip;]<\/p>\n","protected":false},"author":5,"featured_media":0,"parent":479,"menu_order":15,"comment_status":"closed","ping_status":"closed","template":"full-width-page.php","meta":{"footnotes":""},"class_list":["post-486","page","type-page","status-publish","hentry"],"_links":{"self":[{"href":"https:\/\/boscoville.uqam.ca\/index.php\/wp-json\/wp\/v2\/pages\/486","targetHints":{"allow":["GET"]}}],"collection":[{"href":"https:\/\/boscoville.uqam.ca\/index.php\/wp-json\/wp\/v2\/pages"}],"about":[{"href":"https:\/\/boscoville.uqam.ca\/index.php\/wp-json\/wp\/v2\/types\/page"}],"author":[{"embeddable":true,"href":"https:\/\/boscoville.uqam.ca\/index.php\/wp-json\/wp\/v2\/users\/5"}],"replies":[{"embeddable":true,"href":"https:\/\/boscoville.uqam.ca\/index.php\/wp-json\/wp\/v2\/comments?post=486"}],"version-history":[{"count":8,"href":"https:\/\/boscoville.uqam.ca\/index.php\/wp-json\/wp\/v2\/pages\/486\/revisions"}],"predecessor-version":[{"id":831,"href":"https:\/\/boscoville.uqam.ca\/index.php\/wp-json\/wp\/v2\/pages\/486\/revisions\/831"}],"up":[{"embeddable":true,"href":"https:\/\/boscoville.uqam.ca\/index.php\/wp-json\/wp\/v2\/pages\/479"}],"wp:attachment":[{"href":"https:\/\/boscoville.uqam.ca\/index.php\/wp-json\/wp\/v2\/media?parent=486"}],"curies":[{"name":"wp","href":"https:\/\/api.w.org\/{rel}","templated":true}]}}