{"id":511,"date":"2017-08-07T02:26:24","date_gmt":"2017-08-07T01:26:24","guid":{"rendered":"https:\/\/boscoville.uqam.ca\/?page_id=511"},"modified":"2017-08-23T16:48:30","modified_gmt":"2017-08-23T15:48:30","slug":"les-autres-activites-description","status":"publish","type":"page","link":"https:\/\/boscoville.uqam.ca\/index.php\/sujet3\/les-autres-activites-description\/","title":{"rendered":"Les autres activit\u00e9s &#8211; description"},"content":{"rendered":"<p>[vc_row][vc_column][vc_empty_space height=\u00a0\u00bb100px\u00a0\u00bb][\/vc_column][\/vc_row][vc_row][vc_column el_class=\u00a0\u00bbalign-center\u00a0\u00bb]<div class=\"trinity-box box-white  animated\" data-fx=\"fadeInUpBig\">\n                  <span><span class=\"\">Les autres activit\u00e9s<\/span><\/span>\n                <\/div>[\/vc_column][\/vc_row][vc_row][vc_column]<div class=\"text-center  liner- liner-\" ><span class=\"dark-bg\"><\/span><\/div>[\/vc_column][\/vc_row][vc_row][vc_column][vc_empty_space height=\u00a0\u00bb100px\u00a0\u00bb][\/vc_column][\/vc_row][vc_row gap=\u00a0\u00bb20&Prime; content_placement=\u00a0\u00bbtop\u00a0\u00bb css=\u00a0\u00bb.vc_custom_1502655434934{margin-right: 50px !important;margin-left: 50px !important;}\u00a0\u00bb][vc_column width=\u00a0\u00bb2\/3&Prime;][vc_single_image image=\u00a0\u00bb821&Prime; img_size=\u00a0\u00bblarge\u00a0\u00bb add_caption=\u00a0\u00bbyes\u00a0\u00bb alignment=\u00a0\u00bbcenter\u00a0\u00bb style=\u00a0\u00bbvc_box_rounded\u00a0\u00bb css_animation=\u00a0\u00bbleft-to-right\u00a0\u00bb][\/vc_column][vc_column width=\u00a0\u00bb1\/3&Prime;][vc_column_text css=\u00a0\u00bb.vc_custom_1503427423762{margin-left: -50px !important;}\u00a0\u00bb]<big><span style=\"color: #ffffff;\">En plus du sport, Boscoville offrait une gamme d\u2019activit\u00e9s (menuiserie, poterie, th\u00e9\u00e2tre), toutes finement ench\u00e2ss\u00e9es dans le programme r\u00e9\u00e9ducatif. Les souvenirs de ces \u00ab\u00a0autres activit\u00e9s\u00a0\u00bb sont bien in\u00e9gaux. Des anciens ont beaucoup appr\u00e9ci\u00e9, par exemple, le th\u00e9\u00e2tre. L\u2019exp\u00e9rience de la sc\u00e8ne fut pour eux une occasion de gagner confiance en leur potentiel expressif. Confronter sa crainte de parler en public, c\u2019\u00e9tait l\u00e0 tout un d\u00e9fi ! Le souvenir d\u2019avoir explor\u00e9 sa cr\u00e9ativit\u00e9 \u00e0 travers la gamme d\u2019activit\u00e9s offertes \u00e0 Boscoville est soulign\u00e9 par quelques t\u00e9moins. Tr\u00e8s en vogue dans les ann\u00e9es 1970 et 1980, la poterie \u00e9tait \u00e0 l\u2019honneur. Au sortir de l\u2019internat, quelques anciens en firent m\u00eame un m\u00e9tier temporaire.<br \/>\n<\/span><br \/>\n<\/big>[\/vc_column_text][\/vc_column][\/vc_row][vc_row][vc_column][vc_empty_space height=\u00a0\u00bb100px\u00a0\u00bb][\/vc_column][\/vc_row]<\/p>\n","protected":false},"excerpt":{"rendered":"<p>[vc_row][vc_column][vc_empty_space height=\u00a0\u00bb100px\u00a0\u00bb][\/vc_column][\/vc_row][vc_row][vc_column el_class=\u00a0\u00bbalign-center\u00a0\u00bb][\/vc_column][\/vc_row][vc_row][vc_column][\/vc_column][\/vc_row][vc_row][vc_column][vc_empty_space height=\u00a0\u00bb100px\u00a0\u00bb][\/vc_column][\/vc_row][vc_row gap=\u00a0\u00bb20&Prime; content_placement=\u00a0\u00bbtop\u00a0\u00bb css=\u00a0\u00bb.vc_custom_1502655434934{margin-right: 50px !important;margin-left: 50px !important;}\u00a0\u00bb][vc_column width=\u00a0\u00bb2\/3&Prime;][vc_single_image image=\u00a0\u00bb821&Prime; img_size=\u00a0\u00bblarge\u00a0\u00bb add_caption=\u00a0\u00bbyes\u00a0\u00bb alignment=\u00a0\u00bbcenter\u00a0\u00bb style=\u00a0\u00bbvc_box_rounded\u00a0\u00bb css_animation=\u00a0\u00bbleft-to-right\u00a0\u00bb][\/vc_column][vc_column width=\u00a0\u00bb1\/3&Prime;][vc_column_text css=\u00a0\u00bb.vc_custom_1503427423762{margin-left: -50px !important;}\u00a0\u00bb]En plus du sport, Boscoville offrait une gamme d\u2019activit\u00e9s (menuiserie, poterie, th\u00e9\u00e2tre), toutes finement ench\u00e2ss\u00e9es dans le programme r\u00e9\u00e9ducatif. Les souvenirs de ces \u00ab\u00a0autres activit\u00e9s\u00a0\u00bb sont bien in\u00e9gaux. Des anciens ont beaucoup appr\u00e9ci\u00e9, par [&hellip;]<\/p>\n","protected":false},"author":5,"featured_media":0,"parent":479,"menu_order":17,"comment_status":"closed","ping_status":"closed","template":"full-width-page.php","meta":{"footnotes":""},"class_list":["post-511","page","type-page","status-publish","hentry"],"_links":{"self":[{"href":"https:\/\/boscoville.uqam.ca\/index.php\/wp-json\/wp\/v2\/pages\/511","targetHints":{"allow":["GET"]}}],"collection":[{"href":"https:\/\/boscoville.uqam.ca\/index.php\/wp-json\/wp\/v2\/pages"}],"about":[{"href":"https:\/\/boscoville.uqam.ca\/index.php\/wp-json\/wp\/v2\/types\/page"}],"author":[{"embeddable":true,"href":"https:\/\/boscoville.uqam.ca\/index.php\/wp-json\/wp\/v2\/users\/5"}],"replies":[{"embeddable":true,"href":"https:\/\/boscoville.uqam.ca\/index.php\/wp-json\/wp\/v2\/comments?post=511"}],"version-history":[{"count":7,"href":"https:\/\/boscoville.uqam.ca\/index.php\/wp-json\/wp\/v2\/pages\/511\/revisions"}],"predecessor-version":[{"id":832,"href":"https:\/\/boscoville.uqam.ca\/index.php\/wp-json\/wp\/v2\/pages\/511\/revisions\/832"}],"up":[{"embeddable":true,"href":"https:\/\/boscoville.uqam.ca\/index.php\/wp-json\/wp\/v2\/pages\/479"}],"wp:attachment":[{"href":"https:\/\/boscoville.uqam.ca\/index.php\/wp-json\/wp\/v2\/media?parent=511"}],"curies":[{"name":"wp","href":"https:\/\/api.w.org\/{rel}","templated":true}]}}