{"id":687,"date":"2017-08-22T00:04:42","date_gmt":"2017-08-21T23:04:42","guid":{"rendered":"https:\/\/boscoville.uqam.ca\/?page_id=687"},"modified":"2017-08-25T23:06:36","modified_gmt":"2017-08-25T22:06:36","slug":"la-fermeture-de-boscoville-en-1997-description","status":"publish","type":"page","link":"https:\/\/boscoville.uqam.ca\/index.php\/sujet5\/la-fermeture-de-boscoville-en-1997-description\/","title":{"rendered":"La fermeture de Boscoville en 1997 &#8211; description"},"content":{"rendered":"<p>[vc_row][vc_column][vc_empty_space height=\u00a0\u00bb100px\u00a0\u00bb][\/vc_column][\/vc_row][vc_row][vc_column el_class=\u00a0\u00bbalign-center\u00a0\u00bb]<div class=\"trinity-box box-white  animated\" data-fx=\"fadeInUpBig\">\n                  <span><span class=\"\">La fermeture de Boscoville en 1997<\/span><\/span>\n                <\/div>[\/vc_column][\/vc_row][vc_row][vc_column]<div class=\"text-center  liner- liner-\" ><span class=\"dark-bg\"><\/span><\/div>[\/vc_column][\/vc_row][vc_row][vc_column][vc_empty_space height=\u00a0\u00bb100px\u00a0\u00bb][\/vc_column][\/vc_row][vc_row gap=\u00a0\u00bb35&Prime; content_placement=\u00a0\u00bbtop\u00a0\u00bb css=\u00a0\u00bb.vc_custom_1502581092246{margin-right: 50px !important;margin-left: 50px !important;}\u00a0\u00bb][vc_column width=\u00a0\u00bb2\/3&Prime;][vc_single_image image=\u00a0\u00bb688&Prime; img_size=\u00a0\u00bbfull\u00a0\u00bb add_caption=\u00a0\u00bbyes\u00a0\u00bb alignment=\u00a0\u00bbcenter\u00a0\u00bb style=\u00a0\u00bbvc_box_rounded\u00a0\u00bb css_animation=\u00a0\u00bbleft-to-right\u00a0\u00bb][\/vc_column][vc_column width=\u00a0\u00bb1\/3&Prime;][vc_column_text css=\u00a0\u00bb.vc_custom_1503698792636{margin-left: -50px !important;}\u00a0\u00bb]<big><span style=\"color: #ffffff;\">C\u2019est dans la controverse que Boscoville, nagu\u00e8re le fleuron des institutions qu\u00e9b\u00e9coises de protection de la jeunesse, a ferm\u00e9 ses portes en 1997. Le contexte du \u00ab d\u00e9ficit z\u00e9ro \u00bb et du \u00ab virage milieu \u00bb, de m\u00eame que l\u2019orientation administrative du nouveau r\u00e9seau des Centres jeunesse expliquent en partie cette d\u00e9cision. Il faut dire qu\u2019\u00e0 la veille de l\u2019an 2000, plusieurs aspects de l\u2019approche d\u00e9velopp\u00e9e au sein l\u2019internat ne semblaient plus au go\u00fbt du jour. Dans une soci\u00e9t\u00e9 au rythme rapide, la perspective d\u2019un s\u00e9jour long en institution pouvait para\u00eetre d\u2019un autre temps. La mont\u00e9e des droits de la jeunesse et la d\u00e9mocratisation des rapports interg\u00e9n\u00e9rationnels n\u2019avaient rien non plus pour encourager le d\u00e9veloppement de rapports th\u00e9rapeutiques aussi intenses en milieu r\u00e9sidentiel. Enfin, la dimension oblative de la culture du travail \u00e0 Boscoville cadrait d\u00e9sormais mal dans un contexte de syndicalisation et de technicisation de la relation d\u2019aide. L\u2019annonce de la fermeture a cr\u00e9\u00e9 un v\u00e9ritable \u00e9moi. Des anciens se sont mobilis\u00e9s, ont pris la parole dans l\u2019espace public. Les m\u00e9dias se sont empar\u00e9s de l\u2019affaire. Encore aujourd\u2019hui, plusieurs regrettent la fermeture d\u2019une institution \u00e0 laquelle ils sont demeur\u00e9s attach\u00e9s.<\/span><\/big><\/p>\n<p>&nbsp;<\/p>\n<p><a style=\"color: #e0e0e0; text-decoration: underline;\" href=\"https:\/\/youtu.be\/WNiz15Rq73I\" target=\"_blank\">Vid\u00e9o maison de la c\u00e9r\u00e9monie de fermeture de Boscoville (extraits). Gracieuset\u00e9 de Bruno B\u00e9lisle.<\/a>[\/vc_column_text][\/vc_column][\/vc_row][vc_row][vc_column][vc_empty_space height=\u00a0\u00bb100px\u00a0\u00bb][\/vc_column][\/vc_row]<\/p>\n","protected":false},"excerpt":{"rendered":"<p>[vc_row][vc_column][vc_empty_space height=\u00a0\u00bb100px\u00a0\u00bb][\/vc_column][\/vc_row][vc_row][vc_column el_class=\u00a0\u00bbalign-center\u00a0\u00bb][\/vc_column][\/vc_row][vc_row][vc_column][\/vc_column][\/vc_row][vc_row][vc_column][vc_empty_space height=\u00a0\u00bb100px\u00a0\u00bb][\/vc_column][\/vc_row][vc_row gap=\u00a0\u00bb35&Prime; content_placement=\u00a0\u00bbtop\u00a0\u00bb css=\u00a0\u00bb.vc_custom_1502581092246{margin-right: 50px !important;margin-left: 50px !important;}\u00a0\u00bb][vc_column width=\u00a0\u00bb2\/3&Prime;][vc_single_image image=\u00a0\u00bb688&Prime; img_size=\u00a0\u00bbfull\u00a0\u00bb add_caption=\u00a0\u00bbyes\u00a0\u00bb alignment=\u00a0\u00bbcenter\u00a0\u00bb style=\u00a0\u00bbvc_box_rounded\u00a0\u00bb css_animation=\u00a0\u00bbleft-to-right\u00a0\u00bb][\/vc_column][vc_column width=\u00a0\u00bb1\/3&Prime;][vc_column_text css=\u00a0\u00bb.vc_custom_1503698792636{margin-left: -50px !important;}\u00a0\u00bb]C\u2019est dans la controverse que Boscoville, nagu\u00e8re le fleuron des institutions qu\u00e9b\u00e9coises de protection de la jeunesse, a ferm\u00e9 ses portes en 1997. Le contexte du \u00ab d\u00e9ficit z\u00e9ro \u00bb et du \u00ab virage [&hellip;]<\/p>\n","protected":false},"author":5,"featured_media":0,"parent":650,"menu_order":41,"comment_status":"closed","ping_status":"closed","template":"full-width-page.php","meta":{"footnotes":""},"class_list":["post-687","page","type-page","status-publish","hentry"],"_links":{"self":[{"href":"https:\/\/boscoville.uqam.ca\/index.php\/wp-json\/wp\/v2\/pages\/687","targetHints":{"allow":["GET"]}}],"collection":[{"href":"https:\/\/boscoville.uqam.ca\/index.php\/wp-json\/wp\/v2\/pages"}],"about":[{"href":"https:\/\/boscoville.uqam.ca\/index.php\/wp-json\/wp\/v2\/types\/page"}],"author":[{"embeddable":true,"href":"https:\/\/boscoville.uqam.ca\/index.php\/wp-json\/wp\/v2\/users\/5"}],"replies":[{"embeddable":true,"href":"https:\/\/boscoville.uqam.ca\/index.php\/wp-json\/wp\/v2\/comments?post=687"}],"version-history":[{"count":3,"href":"https:\/\/boscoville.uqam.ca\/index.php\/wp-json\/wp\/v2\/pages\/687\/revisions"}],"predecessor-version":[{"id":866,"href":"https:\/\/boscoville.uqam.ca\/index.php\/wp-json\/wp\/v2\/pages\/687\/revisions\/866"}],"up":[{"embeddable":true,"href":"https:\/\/boscoville.uqam.ca\/index.php\/wp-json\/wp\/v2\/pages\/650"}],"wp:attachment":[{"href":"https:\/\/boscoville.uqam.ca\/index.php\/wp-json\/wp\/v2\/media?parent=687"}],"curies":[{"name":"wp","href":"https:\/\/api.w.org\/{rel}","templated":true}]}}